{"id":8162,"date":"2021-07-30T10:25:26","date_gmt":"2021-07-30T10:25:26","guid":{"rendered":"http:\/\/www.fraumuetze-germering.de\/?page_id=8162"},"modified":"2026-05-06T15:27:05","modified_gmt":"2026-05-06T15:27:05","slug":"cafe-am-nachmittag","status":"publish","type":"page","link":"https:\/\/www.fraumuetze-germering.de\/cafe-am-nachmittag\/","title":{"rendered":"Caf\u00e9"},"content":{"rendered":"<style>.kb-row-layout-id8162_439bda-67 > .kt-row-column-wrap{align-content:start;}:where(.kb-row-layout-id8162_439bda-67 > .kt-row-column-wrap) > .wp-block-kadence-column{justify-content:start;}.kb-row-layout-id8162_439bda-67 > .kt-row-column-wrap{column-gap:var(--global-kb-gap-md, 2rem);row-gap:var(--global-kb-gap-md, 2rem);max-width:var( --global-content-width, 1290px );padding-left:var(--global-content-edge-padding);padding-right:var(--global-content-edge-padding);padding-top:var(--global-kb-spacing-md, 2rem);padding-bottom:var(--global-kb-spacing-md, 2rem);grid-template-columns:minmax(0, 1fr);}.kb-row-layout-id8162_439bda-67 > .kt-row-layout-overlay{opacity:0.30;}@media all and (max-width: 1024px){.kb-row-layout-id8162_439bda-67 > .kt-row-column-wrap{grid-template-columns:minmax(0, 1fr);}}@media all and (max-width: 767px){.kb-row-layout-id8162_439bda-67 > .kt-row-column-wrap{grid-template-columns:minmax(0, 1fr);}}<\/style><div class=\"kb-row-layout-wrap kb-row-layout-id8162_439bda-67 alignfull has-theme-palette8-background-color kt-row-has-bg wp-block-kadence-rowlayout\"><div class=\"kt-row-column-wrap kt-has-1-columns kt-row-layout-equal kt-tab-layout-inherit kt-mobile-layout-row kt-row-valign-top kb-theme-content-width\">\n<style>.kadence-column8162_b1dd16-40 > .kt-inside-inner-col,.kadence-column8162_b1dd16-40 > .kt-inside-inner-col:before{border-top-left-radius:0px;border-top-right-radius:0px;border-bottom-right-radius:0px;border-bottom-left-radius:0px;}.kadence-column8162_b1dd16-40 > .kt-inside-inner-col{column-gap:var(--global-kb-gap-sm, 1rem);}.kadence-column8162_b1dd16-40 > .kt-inside-inner-col{flex-direction:column;}.kadence-column8162_b1dd16-40 > .kt-inside-inner-col > .aligncenter{width:100%;}.kadence-column8162_b1dd16-40 > .kt-inside-inner-col:before{opacity:0.3;}.kadence-column8162_b1dd16-40{position:relative;}@media all and (max-width: 1024px){.kadence-column8162_b1dd16-40 > .kt-inside-inner-col{flex-direction:column;justify-content:center;}}@media all and (max-width: 767px){.kadence-column8162_b1dd16-40 > .kt-inside-inner-col{flex-direction:column;justify-content:center;}}<\/style>\n<div class=\"wp-block-kadence-column kadence-column8162_b1dd16-40\"><div class=\"kt-inside-inner-col\">\n<p class=\"has-text-align-center has-large-font-size\">Dienstag ,Donnerstag und Freitag Vormittag <br>von 9:00 bis 12:00 Uhr <\/p>\n\n\n\n<p class=\"has-text-align-center has-large-font-size\">Montag bis Donnerstag Nachmittag<br>15:00 bis 18:00 Uhr<\/p>\n<\/div><\/div>\n\n<\/div><\/div>\n\n<style>.kb-row-layout-id8162_9f981c-e7 > .kt-row-column-wrap{align-content:center;}:where(.kb-row-layout-id8162_9f981c-e7 > .kt-row-column-wrap) > .wp-block-kadence-column{justify-content:center;}.kb-row-layout-id8162_9f981c-e7 > .kt-row-column-wrap{column-gap:var(--global-kb-gap-lg, 4rem);row-gap:var(--global-kb-gap-none, 0rem );max-width:var( --global-content-width, 1290px );padding-left:var(--global-content-edge-padding);padding-right:var(--global-content-edge-padding);grid-template-columns:minmax(0, calc(45% - ((var(--global-kb-gap-lg, 4rem) * 1 )\/2)))minmax(0, calc(55% - ((var(--global-kb-gap-lg, 4rem) * 1 )\/2)));}.kb-row-layout-id8162_9f981c-e7 > .kt-row-layout-overlay{opacity:1;}@media all and (max-width: 1024px){.kb-row-layout-id8162_9f981c-e7 > .kt-row-column-wrap{column-gap:var(--global-kb-gap-md, 2rem);padding-top:var(--global-kb-spacing-3xl, 6.5rem);padding-bottom:var(--global-kb-spacing-3xl, 6.5rem);grid-template-columns:repeat(2, minmax(0, 1fr));}}@media all and (max-width: 767px){.kb-row-layout-id8162_9f981c-e7 > .kt-row-column-wrap{padding-top:var(--global-kb-spacing-3xl, 6.5rem);padding-bottom:var(--global-kb-spacing-xl, 4rem);grid-template-columns:minmax(0, 1fr);}}<\/style><div class=\"kb-row-layout-wrap kb-row-layout-id8162_9f981c-e7 alignfull has-theme-palette8-background-color kt-row-has-bg wp-block-kadence-rowlayout\"><div class=\"kt-row-column-wrap kt-has-2-columns kt-row-layout-equal kt-tab-layout-inherit kt-mobile-layout-row kt-row-valign-middle kb-theme-content-width\">\n<style>.kadence-column8162_5dd070-64 > .kt-inside-inner-col,.kadence-column8162_5dd070-64 > .kt-inside-inner-col:before{border-top-left-radius:0px;border-top-right-radius:0px;border-bottom-right-radius:0px;border-bottom-left-radius:0px;}.kadence-column8162_5dd070-64 > .kt-inside-inner-col{column-gap:var(--global-kb-gap-sm, 1rem);}.kadence-column8162_5dd070-64 > .kt-inside-inner-col{flex-direction:column;}.kadence-column8162_5dd070-64 > .kt-inside-inner-col > .aligncenter{width:100%;}.kadence-column8162_5dd070-64 > .kt-inside-inner-col:before{opacity:0.3;}.kadence-column8162_5dd070-64{position:relative;}@media all and (max-width: 1024px){.kadence-column8162_5dd070-64 > .kt-inside-inner-col{padding-right:0px;flex-direction:column;justify-content:center;}}@media all and (max-width: 1024px){.kadence-column8162_5dd070-64{text-align:center;}}@media all and (max-width: 767px){.kadence-column8162_5dd070-64 > .kt-inside-inner-col{flex-direction:column;justify-content:center;}.kadence-column8162_5dd070-64, .kt-inside-inner-col > .kadence-column8162_5dd070-64:not(.specificity){margin-bottom:var(--global-kb-spacing-md, 2rem);}}<\/style>\n<div class=\"wp-block-kadence-column kadence-column8162_5dd070-64 kb-section-dir-vertical inner-column-1\"><div class=\"kt-inside-inner-col\"><style>.wp-block-kadence-advancedheading.kt-adv-heading8162_eb9da0-7f, .wp-block-kadence-advancedheading.kt-adv-heading8162_eb9da0-7f[data-kb-block=\"kb-adv-heading8162_eb9da0-7f\"]{font-style:normal;}.wp-block-kadence-advancedheading.kt-adv-heading8162_eb9da0-7f mark.kt-highlight, .wp-block-kadence-advancedheading.kt-adv-heading8162_eb9da0-7f[data-kb-block=\"kb-adv-heading8162_eb9da0-7f\"] mark.kt-highlight{font-style:normal;color:#f76a0c;-webkit-box-decoration-break:clone;box-decoration-break:clone;padding-top:0px;padding-right:0px;padding-bottom:0px;padding-left:0px;}.wp-block-kadence-advancedheading.kt-adv-heading8162_eb9da0-7f img.kb-inline-image, .wp-block-kadence-advancedheading.kt-adv-heading8162_eb9da0-7f[data-kb-block=\"kb-adv-heading8162_eb9da0-7f\"] img.kb-inline-image{width:150px;vertical-align:baseline;}@media all and (max-width: 1024px){.wp-block-kadence-advancedheading.kt-adv-heading8162_eb9da0-7f, .wp-block-kadence-advancedheading.kt-adv-heading8162_eb9da0-7f[data-kb-block=\"kb-adv-heading8162_eb9da0-7f\"]{text-align:left!important;}}<\/style>\n<p class=\"kt-adv-heading8162_eb9da0-7f wp-block-kadence-advancedheading has-theme-palette-4-color has-text-color\" data-kb-block=\"kb-adv-heading8162_eb9da0-7f\">Das M\u00fctZe Caf\u00e9 ist ein offener Treffpunkt &#8211; alle Frauen, M\u00fctter, V\u00e4ter, Omas, Opas &#8230; und eure Kinder und Enkelkinder k\u00f6nnen sich bei einer Tasse Kaffee oder Tee* kennen lernen.<\/p>\n\n\n\n<p><br>* Es besteht kein Verzehrzwang!<br>Der Verzehr von selbst mitgebrachten Lebensmitteln ist im \u201eM\u00fctZe Caf\u00e9\u201c \u2013 auch aus hygienischen Gr\u00fcnden \u2013 nicht gestattet. Andernfalls \u00fcbernehmen wir keine Haftung.<br>Au\u00dferdem sind wir auf die Einnahmen aus dem Caf\u00e9-Betrieb angewiesen, um das \u201eM\u00fctZe Caf\u00e9\u201c weiter betreiben zu k\u00f6nnen.<br>Danke schon jetzt f\u00fcr euer Verst\u00e4ndnis und eure Kooperation!<\/p>\n\n\n<style>.kt-accordion-id8162_64c450-0e .kt-accordion-inner-wrap{column-gap:var(--global-kb-gap-md, 2rem);row-gap:0px;}.kt-accordion-id8162_64c450-0e .kt-accordion-panel-inner{border-top:0px solid transparent;border-right:0px solid transparent;border-bottom:0px solid transparent;border-left:0px solid transparent;padding-top:var(--global-kb-spacing-sm, 1.5rem);padding-right:var(--global-kb-spacing-sm, 1.5rem);padding-bottom:var(--global-kb-spacing-sm, 1.5rem);padding-left:var(--global-kb-spacing-sm, 1.5rem);}.kt-accordion-id8162_64c450-0e > .kt-accordion-inner-wrap > .wp-block-kadence-pane > .kt-accordion-header-wrap > .kt-blocks-accordion-header{border-top:1px solid #f2f2f2;border-right:1px solid #f2f2f2;border-bottom:1px solid #f2f2f2;border-left:1px solid #f2f2f2;border-top-left-radius:0px;border-top-right-radius:0px;border-bottom-right-radius:0px;border-bottom-left-radius:0px;background:#f2f2f2;color:#555555;padding-top:9px;padding-right:13px;padding-bottom:9px;padding-left:13px;}.kt-accordion-id8162_64c450-0e:not( .kt-accodion-icon-style-basiccircle ):not( .kt-accodion-icon-style-xclosecircle ):not( .kt-accodion-icon-style-arrowcircle )  > .kt-accordion-inner-wrap > .wp-block-kadence-pane > .kt-accordion-header-wrap .kt-blocks-accordion-icon-trigger:after, .kt-accordion-id8162_64c450-0e:not( .kt-accodion-icon-style-basiccircle ):not( .kt-accodion-icon-style-xclosecircle ):not( .kt-accodion-icon-style-arrowcircle )  > .kt-accordion-inner-wrap > .wp-block-kadence-pane > .kt-accordion-header-wrap .kt-blocks-accordion-icon-trigger:before{background:#555555;}.kt-accordion-id8162_64c450-0e:not( .kt-accodion-icon-style-basic ):not( .kt-accodion-icon-style-xclose ):not( .kt-accodion-icon-style-arrow ) .kt-blocks-accordion-icon-trigger{background:#555555;}.kt-accordion-id8162_64c450-0e:not( .kt-accodion-icon-style-basic ):not( .kt-accodion-icon-style-xclose ):not( .kt-accodion-icon-style-arrow ) .kt-blocks-accordion-icon-trigger:after, .kt-accordion-id8162_64c450-0e:not( .kt-accodion-icon-style-basic ):not( .kt-accodion-icon-style-xclose ):not( .kt-accodion-icon-style-arrow ) .kt-blocks-accordion-icon-trigger:before{background:#f2f2f2;}.kt-accordion-id8162_64c450-0e > .kt-accordion-inner-wrap > .wp-block-kadence-pane > .kt-accordion-header-wrap > .kt-blocks-accordion-header:hover, \n\t\t\t\tbody:not(.hide-focus-outline) .kt-accordion-id8162_64c450-0e .kt-blocks-accordion-header:focus-visible{color:#444444;background:#eeeeee;border-top:1px solid #878787;border-right:1px solid #878787;border-bottom:1px solid #878787;border-left:1px solid #878787;}.kt-accordion-id8162_64c450-0e:not( .kt-accodion-icon-style-basiccircle ):not( .kt-accodion-icon-style-xclosecircle ):not( .kt-accodion-icon-style-arrowcircle ) .kt-accordion-header-wrap .kt-blocks-accordion-header:hover .kt-blocks-accordion-icon-trigger:after, .kt-accordion-id8162_64c450-0e:not( .kt-accodion-icon-style-basiccircle ):not( .kt-accodion-icon-style-xclosecircle ):not( .kt-accodion-icon-style-arrowcircle ) .kt-accordion-header-wrap .kt-blocks-accordion-header:hover .kt-blocks-accordion-icon-trigger:before, body:not(.hide-focus-outline) .kt-accordion-id8162_64c450-0e:not( .kt-accodion-icon-style-basiccircle ):not( .kt-accodion-icon-style-xclosecircle ):not( .kt-accodion-icon-style-arrowcircle ) .kt-blocks-accordion--visible .kt-blocks-accordion-icon-trigger:after, body:not(.hide-focus-outline) .kt-accordion-id8162_64c450-0e:not( .kt-accodion-icon-style-basiccircle ):not( .kt-accodion-icon-style-xclosecircle ):not( .kt-accodion-icon-style-arrowcircle ) .kt-blocks-accordion-header:focus-visible .kt-blocks-accordion-icon-trigger:before{background:#444444;}.kt-accordion-id8162_64c450-0e:not( .kt-accodion-icon-style-basic ):not( .kt-accodion-icon-style-xclose ):not( .kt-accodion-icon-style-arrow ) .kt-accordion-header-wrap .kt-blocks-accordion-header:hover .kt-blocks-accordion-icon-trigger, body:not(.hide-focus-outline) .kt-accordion-id8162_64c450-0e:not( .kt-accodion-icon-style-basic ):not( .kt-accodion-icon-style-xclose ):not( .kt-accodion-icon-style-arrow ) .kt-accordion-header-wrap .kt-blocks-accordion-header:focus-visible .kt-blocks-accordion-icon-trigger{background:#444444;}.kt-accordion-id8162_64c450-0e:not( .kt-accodion-icon-style-basic ):not( .kt-accodion-icon-style-xclose ):not( .kt-accodion-icon-style-arrow ) .kt-accordion-header-wrap .kt-blocks-accordion-header:hover .kt-blocks-accordion-icon-trigger:after, .kt-accordion-id8162_64c450-0e:not( .kt-accodion-icon-style-basic ):not( .kt-accodion-icon-style-xclose ):not( .kt-accodion-icon-style-arrow ) .kt-accordion-header-wrap .kt-blocks-accordion-header:hover .kt-blocks-accordion-icon-trigger:before, body:not(.hide-focus-outline) .kt-accordion-id8162_64c450-0e:not( .kt-accodion-icon-style-basic ):not( .kt-accodion-icon-style-xclose ):not( .kt-accodion-icon-style-arrow ) .kt-accordion-header-wrap .kt-blocks-accordion-header:focus-visible .kt-blocks-accordion-icon-trigger:after, body:not(.hide-focus-outline) .kt-accordion-id8162_64c450-0e:not( .kt-accodion-icon-style-basic ):not( .kt-accodion-icon-style-xclose ):not( .kt-accodion-icon-style-arrow ) .kt-accordion-header-wrap .kt-blocks-accordion-header:focus-visible .kt-blocks-accordion-icon-trigger:before{background:#eeeeee;}.kt-accordion-id8162_64c450-0e .kt-accordion-header-wrap .kt-blocks-accordion-header:focus-visible,\n\t\t\t\t.kt-accordion-id8162_64c450-0e > .kt-accordion-inner-wrap > .wp-block-kadence-pane > .kt-accordion-header-wrap > .kt-blocks-accordion-header.kt-accordion-panel-active{color:#ffffff;background:#444444;border-top:1px solid #444444;border-right:1px solid #444444;border-bottom:1px solid #444444;border-left:1px solid #444444;}.kt-accordion-id8162_64c450-0e:not( .kt-accodion-icon-style-basiccircle ):not( .kt-accodion-icon-style-xclosecircle ):not( .kt-accodion-icon-style-arrowcircle )  > .kt-accordion-inner-wrap > .wp-block-kadence-pane > .kt-accordion-header-wrap > .kt-blocks-accordion-header.kt-accordion-panel-active .kt-blocks-accordion-icon-trigger:after, .kt-accordion-id8162_64c450-0e:not( .kt-accodion-icon-style-basiccircle ):not( .kt-accodion-icon-style-xclosecircle ):not( .kt-accodion-icon-style-arrowcircle )  > .kt-accordion-inner-wrap > .wp-block-kadence-pane > .kt-accordion-header-wrap > .kt-blocks-accordion-header.kt-accordion-panel-active .kt-blocks-accordion-icon-trigger:before{background:#ffffff;}.kt-accordion-id8162_64c450-0e:not( .kt-accodion-icon-style-basic ):not( .kt-accodion-icon-style-xclose ):not( .kt-accodion-icon-style-arrow ) .kt-blocks-accordion-header.kt-accordion-panel-active .kt-blocks-accordion-icon-trigger{background:#ffffff;}.kt-accordion-id8162_64c450-0e:not( .kt-accodion-icon-style-basic ):not( .kt-accodion-icon-style-xclose ):not( .kt-accodion-icon-style-arrow ) .kt-blocks-accordion-header.kt-accordion-panel-active .kt-blocks-accordion-icon-trigger:after, .kt-accordion-id8162_64c450-0e:not( .kt-accodion-icon-style-basic ):not( .kt-accodion-icon-style-xclose ):not( .kt-accodion-icon-style-arrow ) .kt-blocks-accordion-header.kt-accordion-panel-active .kt-blocks-accordion-icon-trigger:before{background:#444444;}@media all and (max-width: 1024px){.kt-accordion-id8162_64c450-0e .kt-accordion-panel-inner{border-top:0px solid transparent;border-right:0px solid transparent;border-bottom:0px solid transparent;border-left:0px solid transparent;}}@media all and (max-width: 1024px){.kt-accordion-id8162_64c450-0e > .kt-accordion-inner-wrap > .wp-block-kadence-pane > .kt-accordion-header-wrap > .kt-blocks-accordion-header{border-top:1px solid #f2f2f2;border-right:1px solid #f2f2f2;border-bottom:1px solid #f2f2f2;border-left:1px solid #f2f2f2;}}@media all and (max-width: 1024px){.kt-accordion-id8162_64c450-0e > .kt-accordion-inner-wrap > .wp-block-kadence-pane > .kt-accordion-header-wrap > .kt-blocks-accordion-header:hover, \n\t\t\t\tbody:not(.hide-focus-outline) .kt-accordion-id8162_64c450-0e .kt-blocks-accordion-header:focus-visible{border-top:1px solid #878787;border-right:1px solid #878787;border-bottom:1px solid #878787;border-left:1px solid #878787;}}@media all and (max-width: 1024px){.kt-accordion-id8162_64c450-0e .kt-accordion-header-wrap .kt-blocks-accordion-header:focus-visible,\n\t\t\t\t.kt-accordion-id8162_64c450-0e > .kt-accordion-inner-wrap > .wp-block-kadence-pane > .kt-accordion-header-wrap > .kt-blocks-accordion-header.kt-accordion-panel-active{border-top:1px solid #444444;border-right:1px solid #444444;border-bottom:1px solid #444444;border-left:1px solid #444444;}}@media all and (max-width: 767px){.kt-accordion-id8162_64c450-0e .kt-accordion-inner-wrap{display:block;}.kt-accordion-id8162_64c450-0e .kt-accordion-inner-wrap .kt-accordion-pane:not(:first-child){margin-top:0px;}.kt-accordion-id8162_64c450-0e .kt-accordion-panel-inner{border-top:0px solid transparent;border-right:0px solid transparent;border-bottom:0px solid transparent;border-left:0px solid transparent;}.kt-accordion-id8162_64c450-0e > .kt-accordion-inner-wrap > .wp-block-kadence-pane > .kt-accordion-header-wrap > .kt-blocks-accordion-header{border-top:1px solid #f2f2f2;border-right:1px solid #f2f2f2;border-bottom:1px solid #f2f2f2;border-left:1px solid #f2f2f2;}.kt-accordion-id8162_64c450-0e > .kt-accordion-inner-wrap > .wp-block-kadence-pane > .kt-accordion-header-wrap > .kt-blocks-accordion-header:hover, \n\t\t\t\tbody:not(.hide-focus-outline) .kt-accordion-id8162_64c450-0e .kt-blocks-accordion-header:focus-visible{border-top:1px solid #878787;border-right:1px solid #878787;border-bottom:1px solid #878787;border-left:1px solid #878787;}.kt-accordion-id8162_64c450-0e .kt-accordion-header-wrap .kt-blocks-accordion-header:focus-visible,\n\t\t\t\t.kt-accordion-id8162_64c450-0e > .kt-accordion-inner-wrap > .wp-block-kadence-pane > .kt-accordion-header-wrap > .kt-blocks-accordion-header.kt-accordion-panel-active{border-top:1px solid #444444;border-right:1px solid #444444;border-bottom:1px solid #444444;border-left:1px solid #444444;}}<\/style>\n<div class=\"wp-block-kadence-accordion alignnone\"><div class=\"kt-accordion-wrap kt-accordion-id8162_64c450-0e kt-accordion-has-2-panes kt-active-pane-0 kt-accordion-block kt-pane-header-alignment-left kt-accodion-icon-style-basic kt-accodion-icon-side-right\" style=\"max-width:none\"><div class=\"kt-accordion-inner-wrap\" data-allow-multiple-open=\"false\" data-start-open=\"0\">\n<div class=\"wp-block-kadence-pane kt-accordion-pane kt-accordion-pane-2 kt-pane8162_89584e-4c\"><div class=\"kt-accordion-header-wrap\"><button class=\"kt-blocks-accordion-header kt-acccordion-button-label-show\" type=\"button\"><span class=\"kt-blocks-accordion-title-wrap\"><span class=\"kt-blocks-accordion-title\"><\/span><\/span><span class=\"kt-blocks-accordion-icon-trigger\"><\/span><\/button><\/div><div class=\"kt-accordion-panel kt-accordion-panel-hidden\"><div class=\"kt-accordion-panel-inner\">\n<p class=\"has--font-size\">Lebensmittelinformationsverordnung<br>Um wie immer die Sorgfaltspflicht von unserer Seite her f\u00fcr Sie als G\u00e4ste des \u201eM\u00fctZe Caf\u00e9s\u201c zu zeigen, weisen wir darauf hin: Bez\u00fcglich deiner eigenen Sicherheit und Gesundheit, was Allergien und Unvertr\u00e4glichkeiten betrifft, liegt es in deiner Hand und Verantwortung, sich vorab \u2013 aufgrund der EU -Lebensmittelinformationsverordnung ab 13.12.2014 \u2013 vor dem Verzehr der hier im \u201eM\u00fctZe Caf\u00e9\u201c angebotenen Speisen beim Team \u00fcber die Inhaltsstoffe zu informieren. Andernfalls \u00fcbernehmen wir keine Haftung.<br>Stand Dezember 2015 \u2013 IKW<\/p>\n<\/div><\/div><\/div>\n<\/div><\/div><\/div>\n<\/div><\/div>\n\n\n<style>.kadence-column8162_19ce18-57 > .kt-inside-inner-col{display:flex;}.kadence-column8162_19ce18-57 > .kt-inside-inner-col,.kadence-column8162_19ce18-57 > .kt-inside-inner-col:before{border-top-left-radius:0px;border-top-right-radius:0px;border-bottom-right-radius:0px;border-bottom-left-radius:0px;}.kadence-column8162_19ce18-57 > .kt-inside-inner-col{column-gap:var(--global-kb-gap-sm, 1rem);}.kadence-column8162_19ce18-57 > .kt-inside-inner-col{flex-direction:column;justify-content:flex-start;}.kadence-column8162_19ce18-57 > .kt-inside-inner-col > .aligncenter{width:100%;}.kt-row-column-wrap > .kadence-column8162_19ce18-57{align-self:flex-start;}.kt-inner-column-height-full:not(.kt-has-1-columns) > .wp-block-kadence-column.kadence-column8162_19ce18-57{align-self:auto;}.kt-inner-column-height-full:not(.kt-has-1-columns) > .wp-block-kadence-column.kadence-column8162_19ce18-57 > .kt-inside-inner-col{flex-direction:column;justify-content:flex-start;}.kadence-column8162_19ce18-57 > .kt-inside-inner-col:before{opacity:0.3;}.kadence-column8162_19ce18-57{position:relative;}@media all and (max-width: 1024px){.kt-row-column-wrap > .kadence-column8162_19ce18-57{align-self:flex-start;}}@media all and (max-width: 1024px){.kt-inner-column-height-full:not(.kt-has-1-columns) > .wp-block-kadence-column.kadence-column8162_19ce18-57{align-self:auto;}}@media all and (max-width: 1024px){.kt-inner-column-height-full:not(.kt-has-1-columns) > .wp-block-kadence-column.kadence-column8162_19ce18-57 > .kt-inside-inner-col{flex-direction:column;justify-content:flex-start;}}@media all and (max-width: 1024px){.kadence-column8162_19ce18-57 > .kt-inside-inner-col{flex-direction:column;justify-content:flex-start;}}@media all and (max-width: 767px){.kt-row-column-wrap > .kadence-column8162_19ce18-57{align-self:flex-start;}.kt-inner-column-height-full:not(.kt-has-1-columns) > .wp-block-kadence-column.kadence-column8162_19ce18-57{align-self:auto;}.kt-inner-column-height-full:not(.kt-has-1-columns) > .wp-block-kadence-column.kadence-column8162_19ce18-57 > .kt-inside-inner-col{flex-direction:column;justify-content:flex-start;}.kadence-column8162_19ce18-57 > .kt-inside-inner-col{flex-direction:column;justify-content:flex-start;}}<\/style>\n<div class=\"wp-block-kadence-column kadence-column8162_19ce18-57 kb-section-dir-vertical\"><div class=\"kt-inside-inner-col\"><style>.kb-image8162_173d17-22.kb-image-is-ratio-size, .kb-image8162_173d17-22 .kb-image-is-ratio-size{max-width:2530px;width:100%;}.wp-block-kadence-column > .kt-inside-inner-col > .kb-image8162_173d17-22.kb-image-is-ratio-size, .wp-block-kadence-column > .kt-inside-inner-col > .kb-image8162_173d17-22 .kb-image-is-ratio-size{align-self:unset;}.kb-image8162_173d17-22{max-width:2530px;}.image-is-svg.kb-image8162_173d17-22{-webkit-flex:0 1 100%;flex:0 1 100%;}.image-is-svg.kb-image8162_173d17-22 img{width:100%;}.kb-image8162_173d17-22:not(.kb-image-is-ratio-size) .kb-img, .kb-image8162_173d17-22.kb-image-is-ratio-size{padding-top:0px;padding-bottom:0px;}.kb-image8162_173d17-22 .kb-image-has-overlay:after{opacity:0.3;border-top-left-radius:300px;border-top-right-radius:300px;border-bottom-right-radius:300px;border-bottom-left-radius:300px;}.kb-image8162_173d17-22 img.kb-img, .kb-image8162_173d17-22 .kb-img img{border-top-left-radius:300px;border-top-right-radius:300px;border-bottom-right-radius:300px;border-bottom-left-radius:300px;}<\/style>\n<figure class=\"wp-block-kadence-image kb-image8162_173d17-22 size-full kb-filter-sepia\"><img loading=\"lazy\" decoding=\"async\" width=\"956\" height=\"993\" src=\"https:\/\/www.fraumuetze-germering.de\/wp-content\/uploads\/2026\/04\/PSX_20260430_131652-e1777548636554.png\" alt=\"\" class=\"kb-img wp-image-13808\" srcset=\"https:\/\/www.fraumuetze-germering.de\/wp-content\/uploads\/2026\/04\/PSX_20260430_131652-e1777548636554.png 956w, https:\/\/www.fraumuetze-germering.de\/wp-content\/uploads\/2026\/04\/PSX_20260430_131652-e1777548636554-289x300.png 289w, https:\/\/www.fraumuetze-germering.de\/wp-content\/uploads\/2026\/04\/PSX_20260430_131652-e1777548636554-768x798.png 768w\" sizes=\"auto, (max-width: 956px) 100vw, 956px\" \/><\/figure>\n<\/div><\/div>\n\n<\/div><\/div>\n\n\n<p><\/p>\n","protected":false},"excerpt":{"rendered":"<p>Dienstag ,Donnerstag und Freitag Vormittag von 9:00 bis 12:00 Uhr Montag bis Donnerstag Nachmittag15:00 bis 18:00 Uhr Das M\u00fctZe Caf\u00e9 ist ein offener Treffpunkt &#8211; alle Frauen, M\u00fctter, V\u00e4ter, Omas, Opas &#8230; und eure Kinder und Enkelkinder k\u00f6nnen sich bei einer Tasse Kaffee oder Tee* kennen lernen. * Es besteht kein Verzehrzwang!Der Verzehr von selbst&#8230;<\/p>\n","protected":false},"author":5,"featured_media":13598,"parent":0,"menu_order":0,"comment_status":"closed","ping_status":"closed","template":"","meta":{"_kadence_starter_templates_imported_post":false,"_kad_post_transparent":"enable","_kad_post_title":"default","_kad_post_layout":"default","_kad_post_sidebar_id":"","_kad_post_content_style":"default","_kad_post_vertical_padding":"default","_kad_post_feature":"","_kad_post_feature_position":"","_kad_post_header":false,"_kad_post_footer":false,"_kad_post_classname":"","_mc_calendar":[],"footnotes":""},"class_list":["post-8162","page","type-page","status-publish","has-post-thumbnail","hentry"],"_links":{"self":[{"href":"https:\/\/www.fraumuetze-germering.de\/wp-json\/wp\/v2\/pages\/8162","targetHints":{"allow":["GET"]}}],"collection":[{"href":"https:\/\/www.fraumuetze-germering.de\/wp-json\/wp\/v2\/pages"}],"about":[{"href":"https:\/\/www.fraumuetze-germering.de\/wp-json\/wp\/v2\/types\/page"}],"author":[{"embeddable":true,"href":"https:\/\/www.fraumuetze-germering.de\/wp-json\/wp\/v2\/users\/5"}],"replies":[{"embeddable":true,"href":"https:\/\/www.fraumuetze-germering.de\/wp-json\/wp\/v2\/comments?post=8162"}],"version-history":[{"count":30,"href":"https:\/\/www.fraumuetze-germering.de\/wp-json\/wp\/v2\/pages\/8162\/revisions"}],"predecessor-version":[{"id":13906,"href":"https:\/\/www.fraumuetze-germering.de\/wp-json\/wp\/v2\/pages\/8162\/revisions\/13906"}],"wp:featuredmedia":[{"embeddable":true,"href":"https:\/\/www.fraumuetze-germering.de\/wp-json\/wp\/v2\/media\/13598"}],"wp:attachment":[{"href":"https:\/\/www.fraumuetze-germering.de\/wp-json\/wp\/v2\/media?parent=8162"}],"curies":[{"name":"wp","href":"https:\/\/api.w.org\/{rel}","templated":true}]}}