{"id":7572,"date":"2021-04-20T10:56:33","date_gmt":"2021-04-20T10:56:33","guid":{"rendered":"http:\/\/www.fraumuetze-germering.de\/?page_id=7572"},"modified":"2024-04-20T10:18:34","modified_gmt":"2024-04-20T10:18:34","slug":"leihgrosseltern","status":"publish","type":"page","link":"https:\/\/www.fraumuetze-germering.de\/leihgrosseltern\/","title":{"rendered":"Leih-Gro\u00dfeltern gesucht"},"content":{"rendered":"\r\n<figure class=\"wp-block-image\"><img decoding=\"async\" src=\"http:\/\/www.fraumuetze-germering.de\/wp-content\/uploads\/2021\/07\/Leihoma-Leihopa-300x134.jpg\" alt=\"\" \/><\/figure>\r\n\r\n\r\n\r\n<p><strong>Vermittlung von Leih-Gro\u00dfeltern in Germeringer Familien seit 2021<\/strong><\/p>\r\n\r\n\r\n\r\n\r\n\r\n<p>Oft haben Familien kein Familiennetzwerk , da Gro\u00dfeltern weit entfernt wohnen, noch berufst\u00e4tig oder anderweitig nicht verf\u00fcgbar sind.<\/p>\r\n<p>Leih-Omas oder -Opas k\u00f6nnen Familien darin unterst\u00fctzen, mit ihren Kindern unterschiedliche Lebenswelten zu erforschen und Vorbilder aus einer anderen Generation kennen zu lernen.<\/p>\r\n<p>Eine Beziehung zwischen Familie und Leihgro\u00dfeltern ist nicht zeitlich begrenzt gedacht: wenn \u201edie Chemie stimmt\u201c, k\u00f6nnen Leihgro\u00dfeltern Kinder \u00fcber l\u00e4ngere Zeit begleiten wie eigene Enkel.<\/p>\r\n\r\n\r\n\r\n<p>Seit dem Start des Projekts im Jahr 2021 konnten immer wieder Leih-Omas in Familien zur beiderseitigen Zufriedenheit vermittelt werden.<\/p>\r\n<p><strong> Da der Bedarf nach Leihgro\u00dfeltern weiterhin gro\u00df ist, werden immer wieder Menschen gesucht, die Zeit und Lust haben wie Gro\u00dfeltern f\u00fcr Kinder dazu sein.<\/strong><\/p>\r\n\r\n\r\n\r\n<p>Koordinatorin ist Heidi Abendsch\u00f6n. Sie stellt die Kontakte zu den Familien her und unterst\u00fctzt beide Seiten beim Erstkontakt und im weiteren Verlauf. Die Leihgro\u00dfeltern nehmen an einem Erste-Hilfe-Kurs teil, der speziell auf Kinder zugeschnitten ist.<\/p>\r\n\r\n\r\n\r\n<p>Gesucht werden Menschen, die nicht mehr (Vollzeit) arbeiten, sich aber noch nicht ganz in den Ruhestand begeben wollen und Freude an Kindern und sozialen Kontakten haben.<\/p>\r\n\r\n\r\n\r\n<p>Interessierte k\u00f6nnen sich bei der Koordinatorin melden unter:<\/p>\r\n\r\n\r\n\r\n<p>Heidi Abendsch\u00f6n<br \/><strong>\u260f<\/strong>\u00a0 01747277722<br \/><a href=\"mailto:margarethe@reifinger.de\"><strong>&#x2709; \u00a0<\/strong><\/a><a href=\"mailto:abendschoen@fraumuetze-germering.de\">abendschoen@fraumuetze-germering.de<\/a><br \/><br \/><\/p>\r\n<p><strong>siehe auch:<\/strong> <br \/><a style=\"color: #000000;\" href=\"http:\/\/www.fraumuetze-germering.de\/?page_id=5470\">R\u00fcckblick Presseschau\u00a0<\/a><\/p>\r\n<p>&nbsp;<\/p>\r\n<p><\/p>","protected":false},"excerpt":{"rendered":"<p>Vermittlung von Leih-Gro\u00dfeltern in Germeringer Familien seit 2021 Oft haben Familien kein Familiennetzwerk , da Gro\u00dfeltern weit entfernt wohnen, noch berufst\u00e4tig oder anderweitig nicht verf\u00fcgbar sind. Leih-Omas oder -Opas k\u00f6nnen Familien darin unterst\u00fctzen, mit ihren Kindern unterschiedliche Lebenswelten zu erforschen und Vorbilder aus einer anderen Generation kennen zu lernen. Eine Beziehung zwischen Familie und Leihgro\u00dfeltern&#8230;<\/p>\n","protected":false},"author":2,"featured_media":0,"parent":0,"menu_order":0,"comment_status":"closed","ping_status":"closed","template":"","meta":{"_kadence_starter_templates_imported_post":false,"_kad_post_transparent":"","_kad_post_title":"","_kad_post_layout":"","_kad_post_sidebar_id":"","_kad_post_content_style":"","_kad_post_vertical_padding":"","_kad_post_feature":"","_kad_post_feature_position":"","_kad_post_header":false,"_kad_post_footer":false,"_kad_post_classname":"","_mc_calendar":[],"footnotes":""},"class_list":["post-7572","page","type-page","status-publish","hentry"],"_links":{"self":[{"href":"https:\/\/www.fraumuetze-germering.de\/wp-json\/wp\/v2\/pages\/7572","targetHints":{"allow":["GET"]}}],"collection":[{"href":"https:\/\/www.fraumuetze-germering.de\/wp-json\/wp\/v2\/pages"}],"about":[{"href":"https:\/\/www.fraumuetze-germering.de\/wp-json\/wp\/v2\/types\/page"}],"author":[{"embeddable":true,"href":"https:\/\/www.fraumuetze-germering.de\/wp-json\/wp\/v2\/users\/2"}],"replies":[{"embeddable":true,"href":"https:\/\/www.fraumuetze-germering.de\/wp-json\/wp\/v2\/comments?post=7572"}],"version-history":[{"count":22,"href":"https:\/\/www.fraumuetze-germering.de\/wp-json\/wp\/v2\/pages\/7572\/revisions"}],"predecessor-version":[{"id":11940,"href":"https:\/\/www.fraumuetze-germering.de\/wp-json\/wp\/v2\/pages\/7572\/revisions\/11940"}],"wp:attachment":[{"href":"https:\/\/www.fraumuetze-germering.de\/wp-json\/wp\/v2\/media?parent=7572"}],"curies":[{"name":"wp","href":"https:\/\/api.w.org\/{rel}","templated":true}]}}