{"id":5880,"date":"2019-06-03T07:56:50","date_gmt":"2019-06-03T07:56:50","guid":{"rendered":"http:\/\/www.fraumuetze-germering.de\/?page_id=5880"},"modified":"2024-10-18T07:27:57","modified_gmt":"2024-10-18T07:27:57","slug":"samstagsbetreuung","status":"publish","type":"page","link":"https:\/\/www.fraumuetze-germering.de\/samstagsbetreuung\/","title":{"rendered":"Samstagsbetreuung"},"content":{"rendered":"<p>An jedem\u00a0<strong>1. Samstag\u00a0im Monat<\/strong> betreut das Frau M\u00fctZe Team Ihr\/e Kind\/er im Alter von 1-10 Jahren von\u00a0<strong>09:00 &#8211; 13:00 Uhr<\/strong>.<\/p>\n<p>Wir sorgen f\u00fcr Spa\u00df bei unterschiedlichen Spielen, wir malen und basteln mit den Kindern und gehen bei gutem Wetter auch ins Freie. Nat\u00fcrlich gehen wir dabei auch auf die W\u00fcnsche der Kinder ein.<br \/>\nIn einer Pause erholen wir uns beim Verzehr unserer mitgebrachten Brotzeit.<br \/>\nBitte geben Sie Ihrem Kind gen\u00fcgend zu essen und zu trinken mit!<\/p>\n<p>Kosten: 12,- \u20ac, Geschwisterkind 10,- \u20ac pro Tag\u00a0 (von 09:00 \u2013 13:00 Uhr)<\/p>\n<p><strong>Info und Anmeldung:<br \/>\n<\/strong><br \/>\n<strong>Pers\u00f6nlich:<\/strong> im Frau M\u00fctZe bei Eva, Goethestr. 5, Germering<br \/>\nMontag und Donnerstag 15:00\u201317:00 Uhr<br \/>\n\u260f 0173 54 33 766<br \/>\n\u2709: <a href=\"mailto:fraumuetze@gmx.de\">reva89008@gmail.com<\/a><\/p>\n<p>Mit dieser Mail, ist Ihr Kind angemeldet.<br \/>\nEine Best\u00e4tigung von uns, per R\u00fcckmail erfolgt nicht!<br \/>\nEs werden aber immer Pl\u00e4tze f\u00fcr Kurzentschlossene freigehalten, die auch noch ohne Anmeldung mitmachen d\u00fcrfen.<\/p>\n<p>\u00c4nderungen vorbehalten<\/p>\n<p>&nbsp;<\/p>\n<p>&nbsp;<\/p>\n","protected":false},"excerpt":{"rendered":"<p>An jedem\u00a01. Samstag\u00a0im Monat betreut das Frau M\u00fctZe Team Ihr\/e Kind\/er im Alter von 1-10 Jahren von\u00a009:00 &#8211; 13:00 Uhr. Wir sorgen f\u00fcr Spa\u00df bei unterschiedlichen Spielen, wir malen und basteln mit den Kindern und gehen bei gutem Wetter auch ins Freie. Nat\u00fcrlich gehen wir dabei auch auf die W\u00fcnsche der Kinder ein. In einer&#8230;<\/p>\n","protected":false},"author":2,"featured_media":0,"parent":0,"menu_order":0,"comment_status":"closed","ping_status":"closed","template":"","meta":{"_kadence_starter_templates_imported_post":false,"_kad_post_transparent":"","_kad_post_title":"","_kad_post_layout":"","_kad_post_sidebar_id":"","_kad_post_content_style":"","_kad_post_vertical_padding":"","_kad_post_feature":"","_kad_post_feature_position":"","_kad_post_header":false,"_kad_post_footer":false,"_kad_post_classname":"","_mc_calendar":[],"footnotes":""},"class_list":["post-5880","page","type-page","status-publish","hentry"],"_links":{"self":[{"href":"https:\/\/www.fraumuetze-germering.de\/wp-json\/wp\/v2\/pages\/5880","targetHints":{"allow":["GET"]}}],"collection":[{"href":"https:\/\/www.fraumuetze-germering.de\/wp-json\/wp\/v2\/pages"}],"about":[{"href":"https:\/\/www.fraumuetze-germering.de\/wp-json\/wp\/v2\/types\/page"}],"author":[{"embeddable":true,"href":"https:\/\/www.fraumuetze-germering.de\/wp-json\/wp\/v2\/users\/2"}],"replies":[{"embeddable":true,"href":"https:\/\/www.fraumuetze-germering.de\/wp-json\/wp\/v2\/comments?post=5880"}],"version-history":[{"count":103,"href":"https:\/\/www.fraumuetze-germering.de\/wp-json\/wp\/v2\/pages\/5880\/revisions"}],"predecessor-version":[{"id":12465,"href":"https:\/\/www.fraumuetze-germering.de\/wp-json\/wp\/v2\/pages\/5880\/revisions\/12465"}],"wp:attachment":[{"href":"https:\/\/www.fraumuetze-germering.de\/wp-json\/wp\/v2\/media?parent=5880"}],"curies":[{"name":"wp","href":"https:\/\/api.w.org\/{rel}","templated":true}]}}