{"id":171,"date":"2015-11-17T18:37:08","date_gmt":"2015-11-17T18:37:08","guid":{"rendered":"http:\/\/familienzentrum-germering.de\/?page_id=171"},"modified":"2026-04-27T15:30:37","modified_gmt":"2026-04-27T15:30:37","slug":"sprachen","status":"publish","type":"page","link":"https:\/\/www.fraumuetze-germering.de\/sprachen\/","title":{"rendered":"Sprachen"},"content":{"rendered":"\n<h3 class=\"wp-block-heading\"><strong><span style=\"color: #993300;\">Deutsch sprechen<\/span><\/strong><\/h3>\n\n\n\n<p class=\"has-text-align-center\"><strong><span style=\"color: #993300;\">jeden 2., 3. und 4. Dienstag im Monat von 10:00 \u2013 12:00 Uhr<\/span><\/strong><\/p>\n\n\n\n<p class=\"has-text-align-left\">Frauen und M\u00e4nner verschiedener Nationalit\u00e4ten unterhalten sich \u00fcber aktuelle Themen und sprechen deutsch mit fachlicher Unterst\u00fctzung von Karin.<\/p>\n\n\n\n<p>Kinderbetreuung m\u00f6glich, ohne Anmeldung<br class=\"html-br\">im Frau M\u00fctZe, Goethestr. 5, Germering<\/p>\n\n\n\n<!--more-->\n\n\n\n<h4 class=\"wp-block-heading\"><span style=\"color: #993300;\"><strong>English Conversation<\/strong><strong>&nbsp;<\/strong><strong>&#8222;Let&#8217;s talk English&#8220;<\/strong><\/span><\/h4>\n\n\n\n<h5 class=\"wp-block-heading\"><strong>every<\/strong> <strong>Monday <\/strong><strong>09:30 \u2013 11:00<\/strong><\/h5>\n\n\n\n<p>This is an open group for people who want to practise their English over a cup of coffee in a relaxed and friendly atmosphere. The topics come up spontaneously among participants and there is no need to prepare or read anything before or after the meetings.<\/p>\n\n\n\n<p>Ladies and gentlemen of all age groups &#8211;&nbsp; of course also senior citizens &#8211; who are fluent in English are welcome to join at any time.<\/p>\n\n\n\n<p><strong>Address:<\/strong><br>Frauen- und M\u00fctterzentrum &#8222;Frau M\u00fctZe&#8220;<br>82110 Germering, Goethestra\u00dfe 5, 1. OG<\/p>\n\n\n\n<p><strong>Host and further information:<\/strong><br>Elli Adler:&nbsp; &nbsp;e-mail: <span style=\"color: #000000;\"><a style=\"color: #000000;\" href=\"mailto:elvira.adler@gmail.com\">elvira.adler@gmail.com<\/a><\/span><\/p>\n\n\n\n<p><strong><div class=\"ff fruitful_sep ff-root\" style=\"height: 10px;background-color: #e0e0e0;\"><\/div><\/strong><\/p>\n\n\n\n<p>&nbsp;<\/p>\n\n\n\n<p>&nbsp;<\/p>\n\n\n\n<p>&nbsp;<\/p>\n","protected":false},"excerpt":{"rendered":"<p>Deutsch sprechen jeden 2., 3. und 4. Dienstag im Monat von 10:00 \u2013 12:00 Uhr Frauen und M\u00e4nner verschiedener Nationalit\u00e4ten unterhalten sich \u00fcber aktuelle Themen und sprechen deutsch mit fachlicher Unterst\u00fctzung von Karin. Kinderbetreuung m\u00f6glich, ohne Anmeldungim Frau M\u00fctZe, Goethestr. 5, Germering<\/p>\n","protected":false},"author":1,"featured_media":13600,"parent":0,"menu_order":0,"comment_status":"closed","ping_status":"closed","template":"","meta":{"_kadence_starter_templates_imported_post":false,"_kad_post_transparent":"enable","_kad_post_title":"","_kad_post_layout":"","_kad_post_sidebar_id":"","_kad_post_content_style":"","_kad_post_vertical_padding":"","_kad_post_feature":"","_kad_post_feature_position":"","_kad_post_header":false,"_kad_post_footer":false,"_kad_post_classname":"","_mc_calendar":[],"footnotes":""},"class_list":["post-171","page","type-page","status-publish","has-post-thumbnail","hentry"],"_links":{"self":[{"href":"https:\/\/www.fraumuetze-germering.de\/wp-json\/wp\/v2\/pages\/171","targetHints":{"allow":["GET"]}}],"collection":[{"href":"https:\/\/www.fraumuetze-germering.de\/wp-json\/wp\/v2\/pages"}],"about":[{"href":"https:\/\/www.fraumuetze-germering.de\/wp-json\/wp\/v2\/types\/page"}],"author":[{"embeddable":true,"href":"https:\/\/www.fraumuetze-germering.de\/wp-json\/wp\/v2\/users\/1"}],"replies":[{"embeddable":true,"href":"https:\/\/www.fraumuetze-germering.de\/wp-json\/wp\/v2\/comments?post=171"}],"version-history":[{"count":134,"href":"https:\/\/www.fraumuetze-germering.de\/wp-json\/wp\/v2\/pages\/171\/revisions"}],"predecessor-version":[{"id":13709,"href":"https:\/\/www.fraumuetze-germering.de\/wp-json\/wp\/v2\/pages\/171\/revisions\/13709"}],"wp:featuredmedia":[{"embeddable":true,"href":"https:\/\/www.fraumuetze-germering.de\/wp-json\/wp\/v2\/media\/13600"}],"wp:attachment":[{"href":"https:\/\/www.fraumuetze-germering.de\/wp-json\/wp\/v2\/media?parent=171"}],"curies":[{"name":"wp","href":"https:\/\/api.w.org\/{rel}","templated":true}]}}