{"id":161,"date":"2015-11-17T18:22:18","date_gmt":"2015-11-17T18:22:18","guid":{"rendered":"http:\/\/familienzentrum-germering.de\/?page_id=161"},"modified":"2026-03-27T21:55:38","modified_gmt":"2026-03-27T21:55:38","slug":"cafe","status":"publish","type":"page","link":"https:\/\/www.fraumuetze-germering.de\/?page_id=161","title":{"rendered":"M\u00fctZe Caf\u00e9"},"content":{"rendered":"<p>Montag, Dienstag, Mittwoch, Donnerstag und Freitag von 15.00-18.00 Uhr<\/p>\n<p>Im M\u00fctZe Caf\u00e9 wird jeden Donnerstag von 16.00-17.00 Uhr mit Kindern gebastelt;<br \/>\nMotto je nach Jahreszeit.<strong style=\"color: #000000;\"><br \/>\n<\/strong><\/p>\n<p>Eva Richter<br \/>\n<strong>\u260f<\/strong>: 0173-5433766<\/p>\n<p>Das M\u00fctZe Caf\u00e9 ist ein offener Treffpunkt &#8211; alle Frauen, M\u00fctter, V\u00e4ter, Omas, Opas &#8230; und eure Kinder und Enkelkinder k\u00f6nnen sich bei einer Tasse Kaffee oder Tee* kennen lernen.<\/p>\n<p style=\"text-align: justify;\">* Es besteht kein Verzehrzwang!<br \/>\nDer Verzehr von selbst mitgebrachten Lebensmitteln ist im \u201eM\u00fctZe Caf\u00e9\u201c \u2013 auch aus hygienischen Gr\u00fcnden \u2013 nicht gestattet. Andernfalls \u00fcbernehmen wir keine Haftung.<br \/>\nAu\u00dferdem sind wir auf die Einnahmen aus dem Caf\u00e9-Betrieb angewiesen, um das \u201eM\u00fctZe Caf\u00e9\u201c weiter betreiben zu k\u00f6nnen.<br \/>\nDanke schon jetzt f\u00fcr euer Verst\u00e4ndnis und eure Kooperation!<\/p>\n<h5><span style=\"color: #000000;\">Lebensmittelinformationsverordnung<\/span><\/h5>\n<p>Um wie immer die Sorgfaltspflicht von unserer Seite her f\u00fcr Sie als G\u00e4ste des \u201eM\u00fctZe Caf\u00e9s\u201c zu zeigen, weisen wir darauf hin: Bez\u00fcglich deiner eigenen Sicherheit und Gesundheit, was Allergien und Unvertr\u00e4glichkeiten betrifft, liegt es in deiner Hand und Verantwortung, sich vorab \u2013 aufgrund der EU -Lebensmittelinformationsverordnung ab 13.12.2014 \u2013 vor dem Verzehr der hier im \u201eM\u00fctZe Caf\u00e9\u201c angebotenen Speisen beim Team \u00fcber die Inhaltsstoffe zu informieren. Andernfalls \u00fcbernehmen wir keine Haftung.<br \/>\nStand Dezember 2015 \u2013 IKW<\/p>\n","protected":false},"excerpt":{"rendered":"<p>Montag, Dienstag, Mittwoch, Donnerstag und Freitag von 15.00-18.00 Uhr Im M\u00fctZe Caf\u00e9 wird jeden Donnerstag von 16.00-17.00 Uhr mit Kindern gebastelt; Motto je nach Jahreszeit. Eva Richter \u260f: 0173-5433766 Das M\u00fctZe Caf\u00e9 ist ein offener Treffpunkt &#8211; alle Frauen, M\u00fctter, V\u00e4ter, Omas, Opas &#8230; und eure Kinder und Enkelkinder k\u00f6nnen sich bei einer Tasse Kaffee [&hellip;]<\/p>\n","protected":false},"author":1,"featured_media":0,"parent":0,"menu_order":0,"comment_status":"closed","ping_status":"closed","template":"","meta":{"_mc_calendar":[],"footnotes":""},"class_list":["post-161","page","type-page","status-publish","hentry"],"_links":{"self":[{"href":"https:\/\/www.fraumuetze-germering.de\/index.php?rest_route=\/wp\/v2\/pages\/161","targetHints":{"allow":["GET"]}}],"collection":[{"href":"https:\/\/www.fraumuetze-germering.de\/index.php?rest_route=\/wp\/v2\/pages"}],"about":[{"href":"https:\/\/www.fraumuetze-germering.de\/index.php?rest_route=\/wp\/v2\/types\/page"}],"author":[{"embeddable":true,"href":"https:\/\/www.fraumuetze-germering.de\/index.php?rest_route=\/wp\/v2\/users\/1"}],"replies":[{"embeddable":true,"href":"https:\/\/www.fraumuetze-germering.de\/index.php?rest_route=%2Fwp%2Fv2%2Fcomments&post=161"}],"version-history":[{"count":105,"href":"https:\/\/www.fraumuetze-germering.de\/index.php?rest_route=\/wp\/v2\/pages\/161\/revisions"}],"predecessor-version":[{"id":13482,"href":"https:\/\/www.fraumuetze-germering.de\/index.php?rest_route=\/wp\/v2\/pages\/161\/revisions\/13482"}],"wp:attachment":[{"href":"https:\/\/www.fraumuetze-germering.de\/index.php?rest_route=%2Fwp%2Fv2%2Fmedia&parent=161"}],"curies":[{"name":"wp","href":"https:\/\/api.w.org\/{rel}","templated":true}]}}