{"id":10573,"date":"2023-05-10T11:07:14","date_gmt":"2023-05-10T11:07:14","guid":{"rendered":"http:\/\/www.fraumuetze-germering.de\/?page_id=10573"},"modified":"2024-11-13T13:55:09","modified_gmt":"2024-11-13T13:55:09","slug":"ferienspass","status":"publish","type":"page","link":"https:\/\/www.fraumuetze-germering.de\/ferienspass\/","title":{"rendered":"Kinderbetreuung an den Adventssamstage 2024"},"content":{"rendered":"<p>Am <strong>2. und 3 .Advents-Samstag <\/strong>betreut das Frau M\u00fctZe Team Ihr\/e Kind\/er im Alter von 2-10 Jahren von <strong>09:00 \u2013 13:00 Uhr<\/strong>.<\/p>\n<p>Unser Programm am Samstag den 07.12.2024<br \/>\nWir verzieren Weihnachtspl\u00e4tzchen<\/p>\n<p>und am Samstag\u00a0 den 14.12-2024<br \/>\nbemalen wir Christbaumkugeln.<\/p>\n<p>In einer Pause erholen wir uns beim Verzehr unserer mitgebrachten Brotzeit.<br \/>\nBitte geben Sie Ihrem Kind gen\u00fcgend zu essen und zu trinken mit!<\/p>\n<p>Kosten: 12,- \u20ac, Geschwisterkind 10,- \u20ac pro Tag\u00a0 (von 09:00 \u2013 13:00 Uhr)<\/p>\n<p><strong>Info und Anmeldung:<br \/>\n<\/strong><br \/>\n<strong>Pers\u00f6nlich:<\/strong>\u00a0im Frau M\u00fctZe bei Eva, Goethestr. 5, Germering<br \/>\nMontag und Donnerstag 15:00\u201317:00 Uhr<br \/>\n\u260f 0173 54 33 766<br \/>\n\u2709:\u00a0<a href=\"mailto:fraumuetze@gmx.de\">reva89008@gmail.com<\/a><\/p>\n<p>Mit dieser Mail, ist Ihr Kind angemeldet.<br \/>\nEine Best\u00e4tigung von uns, per R\u00fcckmail erfolgt nicht!<br \/>\nEs werden aber immer Pl\u00e4tze f\u00fcr Kurzentschlossene freigehalten, die auch noch ohne Anmeldung mitmachen d\u00fcrfen.<\/p>\n<p>\u00c4nderungen vorbehalten<\/p>\n","protected":false},"excerpt":{"rendered":"<p>Am 2. und 3 .Advents-Samstag betreut das Frau M\u00fctZe Team Ihr\/e Kind\/er im Alter von 2-10 Jahren von 09:00 \u2013 13:00 Uhr. Unser Programm am Samstag den 07.12.2024 Wir verzieren Weihnachtspl\u00e4tzchen und am Samstag\u00a0 den 14.12-2024 bemalen wir Christbaumkugeln. In einer Pause erholen wir uns beim Verzehr unserer mitgebrachten Brotzeit. Bitte geben Sie Ihrem Kind&#8230;<\/p>\n","protected":false},"author":5,"featured_media":0,"parent":0,"menu_order":0,"comment_status":"closed","ping_status":"closed","template":"","meta":{"_kadence_starter_templates_imported_post":false,"_kad_post_transparent":"","_kad_post_title":"","_kad_post_layout":"","_kad_post_sidebar_id":"","_kad_post_content_style":"","_kad_post_vertical_padding":"","_kad_post_feature":"","_kad_post_feature_position":"","_kad_post_header":false,"_kad_post_footer":false,"_kad_post_classname":"","_mc_calendar":[],"footnotes":""},"class_list":["post-10573","page","type-page","status-publish","hentry"],"_links":{"self":[{"href":"https:\/\/www.fraumuetze-germering.de\/wp-json\/wp\/v2\/pages\/10573","targetHints":{"allow":["GET"]}}],"collection":[{"href":"https:\/\/www.fraumuetze-germering.de\/wp-json\/wp\/v2\/pages"}],"about":[{"href":"https:\/\/www.fraumuetze-germering.de\/wp-json\/wp\/v2\/types\/page"}],"author":[{"embeddable":true,"href":"https:\/\/www.fraumuetze-germering.de\/wp-json\/wp\/v2\/users\/5"}],"replies":[{"embeddable":true,"href":"https:\/\/www.fraumuetze-germering.de\/wp-json\/wp\/v2\/comments?post=10573"}],"version-history":[{"count":65,"href":"https:\/\/www.fraumuetze-germering.de\/wp-json\/wp\/v2\/pages\/10573\/revisions"}],"predecessor-version":[{"id":10578,"href":"https:\/\/www.fraumuetze-germering.de\/wp-json\/wp\/v2\/pages\/10573\/revisions\/10578"}],"wp:attachment":[{"href":"https:\/\/www.fraumuetze-germering.de\/wp-json\/wp\/v2\/media?parent=10573"}],"curies":[{"name":"wp","href":"https:\/\/api.w.org\/{rel}","templated":true}]}}